{"id":18698,"date":"2023-04-03T20:48:30","date_gmt":"2023-04-03T19:48:30","guid":{"rendered":"https:\/\/ijllc.eu\/?page_id=18698"},"modified":"2023-05-18T04:00:02","modified_gmt":"2023-05-18T03:00:02","slug":"vol-10-no-1","status":"publish","type":"page","link":"https:\/\/ijllc.eu\/?page_id=18698","title":{"rendered":"Vol.10 No.1"},"content":{"rendered":"<div class=\"wpb-content-wrapper\">[vc_row][vc_column][vc_column_text]\r\n<h2 class=\"wp-block-heading\"><a href=\"https:\/\/ijllc.eu\/wp-content\/uploads\/2023\/04\/March-Edition-LLC-2023-1.pdf\" target=\"_blank\" rel=\"noopener noreferrer\">Vol.10 No.1<\/a><\/h2>\r\n<div class=\"sdm_download_item \"><div class=\"sdm_download_item_top\"><div class=\"sdm_download_thumbnail\"><\/div><div class=\"sdm_download_title\">Words are Noble!<\/div><\/div><div style=\"clear:both;\"><\/div><div class=\"sdm_download_description\"><p>Franca Daniele<\/p>\n<\/div><div class=\"sdm_download_link\"><span class=\"sdm_download_button\"><a href=\"https:\/\/ijllc.eu\/?sdm_process_download=1&download_id=18752\" class=\"sdm_download blue\" title=\"Words are Noble!\" target=\"_blank\">Download Now!<\/a><\/span><span class=\"sdm_download_item_count\"><span class=\"sdm_item_count_number\">1176<\/span><span class=\"sdm_item_count_string\"> Downloads<\/span><\/span><\/div><\/div><div class=\"sdm_clear_float\"><\/div>\r\n<p id=\"btn1\" class=\"his\"><b>Cite this article<\/b><\/p>\r\n<p id=\"history\"><a href=\"#\" target=\"_blank\" rel=\"noopener noreferrer\">Review history<\/a><\/p>\r\n<div>\r\n<p id=\"togglebtn1\" class=\"histoggle\"><b>Daniele, F. (2023). Words are Noble! <i>International Journal of Linguistics, Literature, and Culture<\/i>,\u00a0<i>10<\/i>(1).\u00a0<a href=\"https:\/\/doi.org\/10.19044\/llc.v10no1a1\" target=\"_blank\" rel=\"noopener noreferrer\" data-saferedirecturl=\"https:\/\/www.google.com\/url?q=https:\/\/doi.org\/10.19044\/llc.v10no1a1&amp;source=gmail&amp;ust=1684431616625000&amp;usg=AOvVaw33Ckw0_LZI4IqB18Q7gRBZ\">https:\/\/doi.org\/10.19044\/llc.<wbr \/>v10no1a1<\/a><\/b><\/p>\r\n<\/div>\r\n<div class=\"sdm_download_item \"><div class=\"sdm_download_item_top\"><div class=\"sdm_download_thumbnail\"><\/div><div class=\"sdm_download_title\">Syntactic-Semantic Analysis of Term Compounds in Mechanics<\/div><\/div><div style=\"clear:both;\"><\/div><div class=\"sdm_download_description\"><p>Vilija Celie\u0161ien\u0117\u00a0<\/p>\n<p>Deimant\u0117 Ba\u0161kyt\u0117<\/p>\n<\/div><div class=\"sdm_download_link\"><span class=\"sdm_download_button\"><a href=\"https:\/\/ijllc.eu\/?sdm_process_download=1&download_id=18754\" class=\"sdm_download blue\" title=\"Syntactic-Semantic Analysis of Term Compounds in Mechanics\" target=\"_blank\">Download Now!<\/a><\/span><span class=\"sdm_download_item_count\"><span class=\"sdm_item_count_number\">908<\/span><span class=\"sdm_item_count_string\"> Downloads<\/span><\/span><\/div><\/div><div class=\"sdm_clear_float\"><\/div>\r\n<p id=\"btn2\" class=\"his\"><b>Cite this article<\/b><\/p>\r\n<p id=\"history\"><a href=\"https:\/\/ijllc.eu\/wp-content\/uploads\/2023\/04\/REVIEW-HISTORY-p.2.pdf\" target=\"_blank\" rel=\"noopener noreferrer\">Review history<\/a><\/p>\r\n<div>\r\n<p id=\"togglebtn2\" class=\"histoggle\"><b>Celie\u0161ien\u0117, V., &amp; Ba\u0161kyt\u0117, D. (2023). Syntactic-Semantic Analysis of Term Compounds in Mechanics. <i>International Journal of Linguistics, Literature, and Culture<\/i>,\u00a0<i>10<\/i>(1).\u00a0<a href=\"https:\/\/doi.org\/10.19044\/llc.v10no1a6\" target=\"_blank\" rel=\"noopener noreferrer\" data-saferedirecturl=\"https:\/\/www.google.com\/url?q=https:\/\/doi.org\/10.19044\/llc.v10no1a6&amp;source=gmail&amp;ust=1684431616625000&amp;usg=AOvVaw3d7NUeXyRyxa6nWaPEZ-DS\">https:\/\/doi.org\/10.19044\/llc.<wbr \/>v10no1a6<\/a><\/b><\/p>\r\n<div class=\"sdm_download_item \"><div class=\"sdm_download_item_top\"><div class=\"sdm_download_thumbnail\"><\/div><div class=\"sdm_download_title\">Screenplay as Visual Literature<\/div><\/div><div style=\"clear:both;\"><\/div><div class=\"sdm_download_description\"><p>Matteo Cacco<\/p>\n<\/div><div class=\"sdm_download_link\"><span class=\"sdm_download_button\"><a href=\"https:\/\/ijllc.eu\/?sdm_process_download=1&download_id=18755\" class=\"sdm_download blue\" title=\"Screenplay as Visual Literature\" target=\"_blank\">Download Now!<\/a><\/span><span class=\"sdm_download_item_count\"><span class=\"sdm_item_count_number\">1475<\/span><span class=\"sdm_item_count_string\"> Downloads<\/span><\/span><\/div><\/div><div class=\"sdm_clear_float\"><\/div>\r\n<p id=\"btn3\" class=\"his\"><b>Cite this article<\/b><\/p>\r\n<p id=\"history\"><a href=\"https:\/\/ijllc.eu\/wp-content\/uploads\/2023\/04\/REVIEW-HISTORY-p.3.pdf\" target=\"_blank\" rel=\"noopener noreferrer\">Review history<\/a><\/p>\r\n<div>\r\n<p id=\"togglebtn3\" class=\"histoggle\"><b>Cacco, M. (2023). Screenplay as Visual Literature. <i>International Journal of Linguistics, Literature, and Culture<\/i>,\u00a0<i>10<\/i>(1).\u00a0<a href=\"https:\/\/doi.org\/10.19044\/llc.v10no1a24\" target=\"_blank\" rel=\"noopener noreferrer\" data-saferedirecturl=\"https:\/\/www.google.com\/url?q=https:\/\/doi.org\/10.19044\/llc.v10no1a24&amp;source=gmail&amp;ust=1684431616625000&amp;usg=AOvVaw0e3gNKmZ-ixtMMGtxahz47\">https:\/\/doi.org\/10.19044\/llc.<wbr \/>v10no1a24<\/a><\/b><\/p>\r\n<div class=\"sdm_download_item \"><div class=\"sdm_download_item_top\"><div class=\"sdm_download_thumbnail\"><\/div><div class=\"sdm_download_title\">The Colonial Order Upside Down: \u201cDarkest England\u201d (1996)<\/div><\/div><div style=\"clear:both;\"><\/div><div class=\"sdm_download_description\"><p><span lang=\"RO\">Olivera Petrovi<\/span><span lang=\"sr-Latn-BA\">\u0107<\/span><\/p>\n<p><span lang=\"RO\">Sla\u0111an Petrovi<\/span><span lang=\"sr-Latn-BA\">\u0107<\/span><\/p>\n<\/div><div class=\"sdm_download_link\"><span class=\"sdm_download_button\"><a href=\"https:\/\/ijllc.eu\/?sdm_process_download=1&download_id=18757\" class=\"sdm_download blue\" title=\"The Colonial Order Upside Down: \u201cDarkest England\u201d (1996)\" target=\"_blank\">Download Now!<\/a><\/span><span class=\"sdm_download_item_count\"><span class=\"sdm_item_count_number\">802<\/span><span class=\"sdm_item_count_string\"> Downloads<\/span><\/span><\/div><\/div><div class=\"sdm_clear_float\"><\/div>\r\n<p id=\"btn4\" class=\"his\"><b>Cite this article<\/b><\/p>\r\n<p id=\"history\"><a href=\"https:\/\/ijllc.eu\/wp-content\/uploads\/2023\/04\/REVIEW-HISTORY-p.4.pdf\" target=\"_blank\" rel=\"noopener noreferrer\">Review history<\/a><\/p>\r\n<div>\r\n<p id=\"togglebtn4\" class=\"histoggle\"><b>Petrovi\u0107, O., &amp; Petkovi\u0107, S. (2023). The Colonial Order Upside Down: \u201cDarkest England\u201d (1996). <i>International Journal of Linguistics, Literature, and Culture<\/i>,\u00a0<i>10<\/i>(1).\u00a0<a href=\"https:\/\/doi.org\/10.19044\/llc.v10no1a37\" target=\"_blank\" rel=\"noopener noreferrer\" data-saferedirecturl=\"https:\/\/www.google.com\/url?q=https:\/\/doi.org\/10.19044\/llc.v10no1a37&amp;source=gmail&amp;ust=1684431616625000&amp;usg=AOvVaw3pm4j9NwV8DaoaB6pPe_7i\">https:\/\/doi.org\/10.19044\/llc.<wbr \/>v10no1a37<\/a><\/b><\/p>\r\n<div class=\"sdm_download_item \"><div class=\"sdm_download_item_top\"><div class=\"sdm_download_thumbnail\"><\/div><div class=\"sdm_download_title\">Benefits of English for Preschool Children. The Case Study of a Bilingual School in Italy<\/div><\/div><div style=\"clear:both;\"><\/div><div class=\"sdm_download_description\"><p>Paola Clara Leotta<\/p>\n<\/div><div class=\"sdm_download_link\"><span class=\"sdm_download_button\"><a href=\"https:\/\/ijllc.eu\/?sdm_process_download=1&download_id=18758\" class=\"sdm_download blue\" title=\"Benefits of English for Preschool Children. The Case Study of a Bilingual School in Italy\" target=\"_blank\">Download Now!<\/a><\/span><span class=\"sdm_download_item_count\"><span class=\"sdm_item_count_number\">1255<\/span><span class=\"sdm_item_count_string\"> Downloads<\/span><\/span><\/div><\/div><div class=\"sdm_clear_float\"><\/div>\r\n<p id=\"btn5\" class=\"his\"><b>Cite this article<\/b><\/p>\r\n<p id=\"history\"><a href=\"https:\/\/ijllc.eu\/wp-content\/uploads\/2023\/04\/REVIEW-HISTORY-p.5.pdf\" target=\"_blank\" rel=\"noopener noreferrer\">Review history<\/a><\/p>\r\n<div>\r\n<p id=\"togglebtn5\" class=\"histoggle\"><b>Leotta, P. C. (2023). Benefits of English for Preschool Children. The Case Study of a Bilingual School in Italy. <i>International Journal of Linguistics, Literature, and Culture<\/i>,\u00a0<i>10<\/i>(1).\u00a0<a href=\"https:\/\/doi.org\/10.19044\/llc.v10no1a46\" target=\"_blank\" rel=\"noopener noreferrer\" data-saferedirecturl=\"https:\/\/www.google.com\/url?q=https:\/\/doi.org\/10.19044\/llc.v10no1a46&amp;source=gmail&amp;ust=1684431616625000&amp;usg=AOvVaw3jbLGe_I-PaLTpXEiSz_0V\">https:\/\/doi.org\/10.19044\/llc.<wbr \/>v10no1a46<\/a><\/b><\/p>\r\n<div class=\"sdm_download_item \"><div class=\"sdm_download_item_top\"><div class=\"sdm_download_thumbnail\"><\/div><div class=\"sdm_download_title\">Reflecting on the Role of English in English Medium Instruction Degree Programmes<\/div><\/div><div style=\"clear:both;\"><\/div><div class=\"sdm_download_description\"><p>Stefania Cicillini<\/p>\n<\/div><div class=\"sdm_download_link\"><span class=\"sdm_download_button\"><a href=\"https:\/\/ijllc.eu\/?sdm_process_download=1&download_id=18759\" class=\"sdm_download blue\" title=\"Reflecting on the Role of English in English Medium Instruction Degree Programmes\" target=\"_blank\">Download Now!<\/a><\/span><span class=\"sdm_download_item_count\"><span class=\"sdm_item_count_number\">1098<\/span><span class=\"sdm_item_count_string\"> Downloads<\/span><\/span><\/div><\/div><div class=\"sdm_clear_float\"><\/div>\r\n<p id=\"btn6\" class=\"his\"><b>Cite this article<\/b><\/p>\r\n<p id=\"history\"><a href=\"https:\/\/ijllc.eu\/wp-content\/uploads\/2023\/04\/REVIEW-HISTORY-p.6.pdf\" target=\"_blank\" rel=\"noopener noreferrer\">Review history<\/a><\/p>\r\n<div>\r\n<p id=\"togglebtn6\" class=\"histoggle\"><b>Cicillini, S. (2023). Reflecting on the Role of English in English Medium Instruction Degree Programmes. <i>International Journal of Linguistics, Literature, and Culture<\/i>,\u00a0<i>10<\/i>(1).\u00a0<a href=\"https:\/\/doi.org\/10.19044\/llc.v10no1a55\" target=\"_blank\" rel=\"noopener noreferrer\" data-saferedirecturl=\"https:\/\/www.google.com\/url?q=https:\/\/doi.org\/10.19044\/llc.v10no1a55&amp;source=gmail&amp;ust=1684431616625000&amp;usg=AOvVaw1ZX6r_IoXre5f4QsUU0Lvg\">https:\/\/doi.org\/10.19044\/llc.<wbr \/>v10no1a55<\/a><\/b><\/p>\r\n<\/div>\r\n<\/div>\r\n<\/div>\r\n<\/div>\r\n<\/div>\r\n[\/vc_column_text][\/vc_column][\/vc_row]<\/div>","protected":false},"excerpt":{"rendered":"<p>[vc_row][vc_column][vc_column_text] Vol.10 No.1 Cite this article Review history Daniele, F. (2023). Words are Noble! International Journal of Linguistics, Literature, and Culture,\u00a010(1).\u00a0https:\/\/doi.org\/10.19044\/llc.v10no1a1 Cite this article Review history Celie\u0161ien\u0117, V., &amp; Ba\u0161kyt\u0117, D. (2023). Syntactic-Semantic Analysis of Term Compounds in Mechanics. International Journal of Linguistics, Literature, and Culture,\u00a010(1).\u00a0https:\/\/doi.org\/10.19044\/llc.v10no1a6 Cite this article Review history Cacco, M. (2023). Screenplay as Visual Literature. International Journal of Linguistics, Literature, and Culture,\u00a010(1).\u00a0https:\/\/doi.org\/10.19044\/llc.v10no1a24 Cite this article Review history Petrovi\u0107, O., &amp; Petkovi\u0107, S. (2023). The Colonial Order Upside Down: \u201cDarkest England\u201d (1996). International Journal of Linguistics, Literature, and Culture,\u00a010(1).\u00a0https:\/\/doi.org\/10.19044\/llc.v10no1a37 Cite this article Review history Leotta, P. C. (2023). Benefits of English for Preschool Children. The Case Study of a Bilingual School in Italy. International Journal of Linguistics, Literature, and Culture,\u00a010(1).\u00a0https:\/\/doi.org\/10.19044\/llc.v10no1a46 Cite this article Review history Cicillini, S. (2023). Reflecting on the Role of English in English Medium Instruction Degree Programmes. International Journal of Linguistics, Literature, and Culture,\u00a010(1).\u00a0https:\/\/doi.org\/10.19044\/llc.v10no1a55 [\/vc_column_text][\/vc_column][\/vc_row]<\/p>\n","protected":false},"author":5,"featured_media":0,"parent":0,"menu_order":90,"comment_status":"closed","ping_status":"closed","template":"","meta":{"footnotes":""},"class_list":["post-18698","page","type-page","status-publish","hentry"],"_links":{"self":[{"href":"https:\/\/ijllc.eu\/index.php?rest_route=\/wp\/v2\/pages\/18698","targetHints":{"allow":["GET"]}}],"collection":[{"href":"https:\/\/ijllc.eu\/index.php?rest_route=\/wp\/v2\/pages"}],"about":[{"href":"https:\/\/ijllc.eu\/index.php?rest_route=\/wp\/v2\/types\/page"}],"author":[{"embeddable":true,"href":"https:\/\/ijllc.eu\/index.php?rest_route=\/wp\/v2\/users\/5"}],"replies":[{"embeddable":true,"href":"https:\/\/ijllc.eu\/index.php?rest_route=%2Fwp%2Fv2%2Fcomments&post=18698"}],"version-history":[{"count":22,"href":"https:\/\/ijllc.eu\/index.php?rest_route=\/wp\/v2\/pages\/18698\/revisions"}],"predecessor-version":[{"id":18768,"href":"https:\/\/ijllc.eu\/index.php?rest_route=\/wp\/v2\/pages\/18698\/revisions\/18768"}],"wp:attachment":[{"href":"https:\/\/ijllc.eu\/index.php?rest_route=%2Fwp%2Fv2%2Fmedia&parent=18698"}],"curies":[{"name":"wp","href":"https:\/\/api.w.org\/{rel}","templated":true}]}}