{"id":17064,"date":"2019-02-06T21:12:13","date_gmt":"2019-02-06T21:12:13","guid":{"rendered":"http:\/\/ijllc.eu\/?page_id=17064"},"modified":"2019-04-02T11:24:24","modified_gmt":"2019-04-02T10:24:24","slug":"vol-4-no-3","status":"publish","type":"page","link":"https:\/\/ijllc.eu\/?page_id=17064","title":{"rendered":"Vol.4 No.3"},"content":{"rendered":"\n<h2 class=\"wp-block-heading\"><strong><a href=\"http:\/\/ijllc.eu\/wp-content\/uploads\/2019\/02\/LLC.Vol_.4.No_.3-FOR-PRINT.pdf\" target=\"_blank\" rel=\"noreferrer noopener\" aria-label=\"Vol.4 No.3 (opens in a new tab)\">Vol.4 No.3<\/a><\/strong><\/h2>\n\n\n<p><a href=\"http:\/\/ijllc.eu\/?smd_process_download=1&amp;download_id=17219\"><div class=\"sdm_download_item \"><div class=\"sdm_download_item_top\"><div class=\"sdm_download_thumbnail\"><\/div><div class=\"sdm_download_title\">Forming a New Literary Identity Using Popular, Contemporary Series Books to Engage Adolescent English Language Learners<\/div><\/div><div style=\"clear:both;\"><\/div><div class=\"sdm_download_description\"><p><strong>Authors:<\/strong><\/p>\n<p>Beth Garcia<br \/>\nTeri Bingham<br \/>\nChristy Reed<\/p>\n<\/div><div class=\"sdm_download_link\"><span class=\"sdm_download_button\"><a href=\"https:\/\/ijllc.eu\/?sdm_process_download=1&download_id=17219\" class=\"sdm_download blue\" title=\"Forming a New Literary Identity Using Popular, Contemporary Series Books to Engage Adolescent English Language Learners\" target=\"_self\">Download Now!<\/a><\/span><span class=\"sdm_download_item_count\"><span class=\"sdm_item_count_number\">2113<\/span><span class=\"sdm_item_count_string\"> Downloads<\/span><\/span><\/div><\/div><div class=\"sdm_clear_float\"><\/div><\/a><br \/><a href=\"http:\/\/ijllc.eu\/?smd_process_download=1&amp;download_id=17220\"><div class=\"sdm_download_item \"><div class=\"sdm_download_item_top\"><div class=\"sdm_download_thumbnail\"><\/div><div class=\"sdm_download_title\">From Silence to Speech Ice-Candy-Man<\/div><\/div><div style=\"clear:both;\"><\/div><div class=\"sdm_download_description\"><p><strong>Authors:<br \/>\n<\/strong><br \/>\nAppala Raju Korada<\/p>\n<\/div><div class=\"sdm_download_link\"><span class=\"sdm_download_button\"><a href=\"https:\/\/ijllc.eu\/?sdm_process_download=1&download_id=17220\" class=\"sdm_download blue\" title=\"From Silence to Speech Ice-Candy-Man\" target=\"_self\">Download Now!<\/a><\/span><span class=\"sdm_download_item_count\"><span class=\"sdm_item_count_number\">2020<\/span><span class=\"sdm_item_count_string\"> Downloads<\/span><\/span><\/div><\/div><div class=\"sdm_clear_float\"><\/div><\/a><br \/><a href=\"http:\/\/ijllc.eu\/?smd_process_download=1&amp;download_id=17221\"><div class=\"sdm_download_item \"><div class=\"sdm_download_item_top\"><div class=\"sdm_download_thumbnail\"><\/div><div class=\"sdm_download_title\">Infidelity as a Predictor of Jealousy in Mexican Couples<\/div><\/div><div style=\"clear:both;\"><\/div><div class=\"sdm_download_description\"><p><strong>Authors:<\/strong><\/p>\n<p>Angelica Romero-Palencia<br \/>\nCinthia Cruz-Del Castillo<br \/>\nArturo Del Castillo-Arreola<\/p>\n<\/div><div class=\"sdm_download_link\"><span class=\"sdm_download_button\"><a href=\"https:\/\/ijllc.eu\/?sdm_process_download=1&download_id=17221\" class=\"sdm_download blue\" title=\"Infidelity as a Predictor of Jealousy in Mexican Couples\" target=\"_self\">Download Now!<\/a><\/span><span class=\"sdm_download_item_count\"><span class=\"sdm_item_count_number\">2073<\/span><span class=\"sdm_item_count_string\"> Downloads<\/span><\/span><\/div><\/div><div class=\"sdm_clear_float\"><\/div><\/a><br \/><a href=\"http:\/\/ijllc.eu\/?smd_process_download=1&amp;download_id=17214\"><div class=\"sdm_download_item \"><div class=\"sdm_download_item_top\"><div class=\"sdm_download_thumbnail\"><\/div><div class=\"sdm_download_title\">Being and Nothingness The Reification of Ya\u015far Kemal\u2019s Memed, My Hawk<\/div><\/div><div style=\"clear:both;\"><\/div><div class=\"sdm_download_description\"><p><strong>Authors:<br \/>\n<\/strong><br \/>\nTimucin Bugra Edman<\/p>\n<\/div><div class=\"sdm_download_link\"><span class=\"sdm_download_button\"><a href=\"https:\/\/ijllc.eu\/?sdm_process_download=1&download_id=17214\" class=\"sdm_download blue\" title=\"Being and Nothingness The Reification of Ya\u015far Kemal\u2019s Memed, My Hawk\" target=\"_self\">Download Now!<\/a><\/span><span class=\"sdm_download_item_count\"><span class=\"sdm_item_count_number\">2207<\/span><span class=\"sdm_item_count_string\"> Downloads<\/span><\/span><\/div><\/div><div class=\"sdm_clear_float\"><\/div><\/a><br \/><a href=\"http:\/\/ijllc.eu\/?smd_process_download=1&amp;download_id=17229\"><div class=\"sdm_download_item \"><div class=\"sdm_download_item_top\"><div class=\"sdm_download_thumbnail\"><\/div><div class=\"sdm_download_title\">The Egyptian Revolutions Between Reflection and Prediction<\/div><\/div><div style=\"clear:both;\"><\/div><div class=\"sdm_download_description\"><p><strong>Authors:<\/strong><\/p>\n<p>Amal Galal Mohammad Morsy<\/p>\n<\/div><div class=\"sdm_download_link\"><span class=\"sdm_download_button\"><a href=\"https:\/\/ijllc.eu\/?sdm_process_download=1&download_id=17229\" class=\"sdm_download blue\" title=\"The Egyptian Revolutions Between Reflection and Prediction\" target=\"_self\">Download Now!<\/a><\/span><span class=\"sdm_download_item_count\"><span class=\"sdm_item_count_number\">2186<\/span><span class=\"sdm_item_count_string\"> Downloads<\/span><\/span><\/div><\/div><div class=\"sdm_clear_float\"><\/div><\/a><br \/><a href=\"http:\/\/ijllc.eu\/?smd_process_download=1&amp;download_id=17222\"><div class=\"sdm_download_item \"><div class=\"sdm_download_item_top\"><div class=\"sdm_download_thumbnail\"><\/div><div class=\"sdm_download_title\">Lithuanian Word Order and Focus<\/div><\/div><div style=\"clear:both;\"><\/div><div class=\"sdm_download_description\"><p><strong>Authors:<br \/>\n<\/strong><br \/>\nSumaiyah Turkistani<\/p>\n<\/div><div class=\"sdm_download_link\"><span class=\"sdm_download_button\"><a href=\"https:\/\/ijllc.eu\/?sdm_process_download=1&download_id=17222\" class=\"sdm_download blue\" title=\"Lithuanian Word Order and Focus\" target=\"_self\">Download Now!<\/a><\/span><span class=\"sdm_download_item_count\"><span class=\"sdm_item_count_number\">2042<\/span><span class=\"sdm_item_count_string\"> Downloads<\/span><\/span><\/div><\/div><div class=\"sdm_clear_float\"><\/div><\/a><br \/><a href=\"http:\/\/ijllc.eu\/?smd_process_download=1&amp;download_id=17212\"><div class=\"sdm_download_item \"><div class=\"sdm_download_item_top\"><div class=\"sdm_download_thumbnail\"><\/div><div class=\"sdm_download_title\">Albanianisation and Anglicisation in Terms of Both Languages for the Terminology of Economy<\/div><\/div><div style=\"clear:both;\"><\/div><div class=\"sdm_download_description\"><p><strong>Authors:<\/strong><\/p>\n<p>Sadete Pllana<\/p>\n<\/div><div class=\"sdm_download_link\"><span class=\"sdm_download_button\"><a href=\"https:\/\/ijllc.eu\/?sdm_process_download=1&download_id=17212\" class=\"sdm_download blue\" title=\"Albanianisation and Anglicisation in Terms of Both Languages for the Terminology of Economy\" target=\"_self\">Download Now!<\/a><\/span><span class=\"sdm_download_item_count\"><span class=\"sdm_item_count_number\">2084<\/span><span class=\"sdm_item_count_string\"> Downloads<\/span><\/span><\/div><\/div><div class=\"sdm_clear_float\"><\/div><\/a><br \/><a href=\"http:\/\/ijllc.eu\/?smd_process_download=1&amp;download_id=17224\"><div class=\"sdm_download_item \"><div class=\"sdm_download_item_top\"><div class=\"sdm_download_thumbnail\"><\/div><div class=\"sdm_download_title\">Semantic Analysis of Hyponymy in the Short Story \u201cThe Voyage\u201d<\/div><\/div><div style=\"clear:both;\"><\/div><div class=\"sdm_download_description\"><p><strong>Authors:<br \/>\n<\/strong><br \/>\nSadeili Telaumbanua<br \/>\nEdison Sihombing<\/p>\n<\/div><div class=\"sdm_download_link\"><span class=\"sdm_download_button\"><a href=\"https:\/\/ijllc.eu\/?sdm_process_download=1&download_id=17224\" class=\"sdm_download blue\" title=\"Semantic Analysis of Hyponymy in the Short Story \u201cThe Voyage\u201d\" target=\"_self\">Download Now!<\/a><\/span><span class=\"sdm_download_item_count\"><span class=\"sdm_item_count_number\">2378<\/span><span class=\"sdm_item_count_string\"> Downloads<\/span><\/span><\/div><\/div><div class=\"sdm_clear_float\"><\/div><\/a><br \/><a href=\"http:\/\/ijllc.eu\/?smd_process_download=1&amp;download_id=17215\"><div class=\"sdm_download_item \"><div class=\"sdm_download_item_top\"><div class=\"sdm_download_thumbnail\"><\/div><div class=\"sdm_download_title\">Difficulties in Consonant Sound Pronunciation for the Undergraduate Learners at Aljouf University, Saudi Arabia<\/div><\/div><div style=\"clear:both;\"><\/div><div class=\"sdm_download_description\"><p><strong>Authors:<\/strong><\/p>\n<p>Atalah M Al-Rubaat<\/p>\n<\/div><div class=\"sdm_download_link\"><span class=\"sdm_download_button\"><a href=\"https:\/\/ijllc.eu\/?sdm_process_download=1&download_id=17215\" class=\"sdm_download blue\" title=\"Difficulties in Consonant Sound Pronunciation for the Undergraduate Learners at Aljouf University, Saudi Arabia\" target=\"_self\">Download Now!<\/a><\/span><span class=\"sdm_download_item_count\"><span class=\"sdm_item_count_number\">2125<\/span><span class=\"sdm_item_count_string\"> Downloads<\/span><\/span><\/div><\/div><div class=\"sdm_clear_float\"><\/div><\/a><br \/><a href=\"http:\/\/ijllc.eu\/?smd_process_download=1&amp;download_id=17225\"><div class=\"sdm_download_item \"><div class=\"sdm_download_item_top\"><div class=\"sdm_download_thumbnail\"><\/div><div class=\"sdm_download_title\">Shakespeare, Politics and Renaissance Theatre<\/div><\/div><div style=\"clear:both;\"><\/div><div class=\"sdm_download_description\"><p><strong>Authors:<br \/>\n<\/strong><br \/>\nTatjana Dumitraskovic<\/p>\n<\/div><div class=\"sdm_download_link\"><span class=\"sdm_download_button\"><a href=\"https:\/\/ijllc.eu\/?sdm_process_download=1&download_id=17225\" class=\"sdm_download blue\" title=\"Shakespeare, Politics and Renaissance Theatre\" target=\"_self\">Download Now!<\/a><\/span><span class=\"sdm_download_item_count\"><span class=\"sdm_item_count_number\">2007<\/span><span class=\"sdm_item_count_string\"> Downloads<\/span><\/span><\/div><\/div><div class=\"sdm_clear_float\"><\/div><\/a><br \/><a href=\"http:\/\/ijllc.eu\/?smd_process_download=1&amp;download_id=17213\"><div class=\"sdm_download_item \"><div class=\"sdm_download_item_top\"><div class=\"sdm_download_thumbnail\"><\/div><div class=\"sdm_download_title\">An Appreciation of Cultural Hybridity in Sigogo\u2019s Kunjalo<\/div><\/div><div style=\"clear:both;\"><\/div><div class=\"sdm_download_description\"><p><strong>Authors:<\/strong><\/p>\n<p>Sindile Dlodlo<\/p>\n<\/div><div class=\"sdm_download_link\"><span class=\"sdm_download_button\"><a href=\"https:\/\/ijllc.eu\/?sdm_process_download=1&download_id=17213\" class=\"sdm_download blue\" title=\"An Appreciation of Cultural Hybridity in Sigogo\u2019s Kunjalo\" target=\"_self\">Download Now!<\/a><\/span><span class=\"sdm_download_item_count\"><span class=\"sdm_item_count_number\">2053<\/span><span class=\"sdm_item_count_string\"> Downloads<\/span><\/span><\/div><\/div><div class=\"sdm_clear_float\"><\/div><\/a><br \/><a href=\"http:\/\/ijllc.eu\/?smd_process_download=1&amp;download_id=17217\"><div class=\"sdm_download_item \"><div class=\"sdm_download_item_top\"><div class=\"sdm_download_thumbnail\"><\/div><div class=\"sdm_download_title\">Exploring the Language and Style in Ese Ifa in Yorubaland for Contemporary Global Relevance<\/div><\/div><div style=\"clear:both;\"><\/div><div class=\"sdm_download_description\"><p><strong>Authors:<br \/>\n<\/strong><br \/>\nOlu-Osayomi Olusegun<\/p>\n<\/div><div class=\"sdm_download_link\"><span class=\"sdm_download_button\"><a href=\"https:\/\/ijllc.eu\/?sdm_process_download=1&download_id=17217\" class=\"sdm_download blue\" title=\"Exploring the Language and Style in Ese Ifa in Yorubaland for Contemporary Global Relevance\" target=\"_self\">Download Now!<\/a><\/span><span class=\"sdm_download_item_count\"><span class=\"sdm_item_count_number\">2131<\/span><span class=\"sdm_item_count_string\"> Downloads<\/span><\/span><\/div><\/div><div class=\"sdm_clear_float\"><\/div><\/a><br \/><a href=\"http:\/\/ijllc.eu\/?smd_process_download=1&amp;download_id=17228\"><div class=\"sdm_download_item \"><div class=\"sdm_download_item_top\"><div class=\"sdm_download_thumbnail\"><\/div><div class=\"sdm_download_title\">The Effectiveness of the Different Types of Motivation in Learning a New Language in the Palestinian Context<\/div><\/div><div style=\"clear:both;\"><\/div><div class=\"sdm_download_description\"><p><strong>Authors:<\/p>\n<p><\/strong>Doa&#8217;aTahboub<\/p>\n<\/div><div class=\"sdm_download_link\"><span class=\"sdm_download_button\"><a href=\"https:\/\/ijllc.eu\/?sdm_process_download=1&download_id=17228\" class=\"sdm_download blue\" title=\"The Effectiveness of the Different Types of Motivation in Learning a New Language in the Palestinian Context\" target=\"_self\">Download Now!<\/a><\/span><span class=\"sdm_download_item_count\"><span class=\"sdm_item_count_number\">1890<\/span><span class=\"sdm_item_count_string\"> Downloads<\/span><\/span><\/div><\/div><div class=\"sdm_clear_float\"><\/div><\/a><br \/><a href=\"http:\/\/ijllc.eu\/?smd_process_download=1&amp;download_id=17232\"><div class=\"sdm_download_item \"><div class=\"sdm_download_item_top\"><div class=\"sdm_download_thumbnail\"><\/div><div class=\"sdm_download_title\">The Tr\u0131metr\u0131c Project\u0131on of the Celt Queen Boud\u0131ca in The Hunger Games Tr\u0131logy<\/div><\/div><div style=\"clear:both;\"><\/div><div class=\"sdm_download_description\"><p><strong>Authors:<br \/>\n<\/strong><br \/>\nHacer Gozen<\/p>\n<\/div><div class=\"sdm_download_link\"><span class=\"sdm_download_button\"><a href=\"https:\/\/ijllc.eu\/?sdm_process_download=1&download_id=17232\" class=\"sdm_download blue\" title=\"The Tr\u0131metr\u0131c Project\u0131on of the Celt Queen Boud\u0131ca in The Hunger Games Tr\u0131logy\" target=\"_self\">Download Now!<\/a><\/span><span class=\"sdm_download_item_count\"><span class=\"sdm_item_count_number\">2010<\/span><span class=\"sdm_item_count_string\"> Downloads<\/span><\/span><\/div><\/div><div class=\"sdm_clear_float\"><\/div><\/a><br \/><a href=\"http:\/\/ijllc.eu\/?smd_process_download=1&amp;download_id=17223\"><div class=\"sdm_download_item \"><div class=\"sdm_download_item_top\"><div class=\"sdm_download_thumbnail\"><\/div><div class=\"sdm_download_title\">Scourge of Militancy in the Niger Delta Region of Nigeria An Ecocritical Reading of Esiaba Irobi\u2019s Hangmen Also Die and Oyeh Otu\u2019s Shanty Town<\/div><\/div><div style=\"clear:both;\"><\/div><div class=\"sdm_download_description\"><p><strong>Authors:<\/strong><\/p>\n<p>Ifediora Okiche<\/p>\n<\/div><div class=\"sdm_download_link\"><span class=\"sdm_download_button\"><a href=\"https:\/\/ijllc.eu\/?sdm_process_download=1&download_id=17223\" class=\"sdm_download blue\" title=\"Scourge of Militancy in the Niger Delta Region of Nigeria An Ecocritical Reading of Esiaba Irobi\u2019s Hangmen Also Die and Oyeh Otu\u2019s Shanty Town\" target=\"_self\">Download Now!<\/a><\/span><span class=\"sdm_download_item_count\"><span class=\"sdm_item_count_number\">2025<\/span><span class=\"sdm_item_count_string\"> Downloads<\/span><\/span><\/div><\/div><div class=\"sdm_clear_float\"><\/div><\/a><br \/><a href=\"http:\/\/ijllc.eu\/?smd_process_download=1&amp;download_id=17218\"><div class=\"sdm_download_item \"><div class=\"sdm_download_item_top\"><div class=\"sdm_download_thumbnail\"><\/div><div class=\"sdm_download_title\">Factors Associated with the Code Mixing and Code Switching of Multilingual Children An Overview<\/div><\/div><div style=\"clear:both;\"><\/div><div class=\"sdm_download_description\"><p><strong>Authors:<\/strong><\/p>\n<p>Fotini Anastassiou<br \/>\nGeorgia Andreou<\/p>\n<\/div><div class=\"sdm_download_link\"><span class=\"sdm_download_button\"><a href=\"https:\/\/ijllc.eu\/?sdm_process_download=1&download_id=17218\" class=\"sdm_download blue\" title=\"Factors Associated with the Code Mixing and Code Switching of Multilingual Children An Overview\" target=\"_self\">Download Now!<\/a><\/span><span class=\"sdm_download_item_count\"><span class=\"sdm_item_count_number\">2115<\/span><span class=\"sdm_item_count_string\"> Downloads<\/span><\/span><\/div><\/div><div class=\"sdm_clear_float\"><\/div><\/a><br \/><a href=\"http:\/\/ijllc.eu\/?smd_process_download=1&amp;download_id=17216\"><div class=\"sdm_download_item \"><div class=\"sdm_download_item_top\"><div class=\"sdm_download_thumbnail\"><\/div><div class=\"sdm_download_title\">Ethnicity and Ethnic Grouping in Jhumpa Lahiri\u2019s Interpreter of Maladies (1999)<\/div><\/div><div style=\"clear:both;\"><\/div><div class=\"sdm_download_description\"><p><strong>Authors<\/strong>:<br \/>\nCristina Chifane<br \/>\nLiviu-Augustin Chifane<\/p>\n<\/div><div class=\"sdm_download_link\"><span class=\"sdm_download_button\"><a href=\"https:\/\/ijllc.eu\/?sdm_process_download=1&download_id=17216\" class=\"sdm_download blue\" title=\"Ethnicity and Ethnic Grouping in Jhumpa Lahiri\u2019s Interpreter of Maladies (1999)\" target=\"_self\">Download Now!<\/a><\/span><span class=\"sdm_download_item_count\"><span class=\"sdm_item_count_number\">2026<\/span><span class=\"sdm_item_count_string\"> Downloads<\/span><\/span><\/div><\/div><div class=\"sdm_clear_float\"><\/div><\/a><\/p>","protected":false},"excerpt":{"rendered":"<p>Vol.4 No.3<\/p>\n","protected":false},"author":5,"featured_media":0,"parent":0,"menu_order":107,"comment_status":"closed","ping_status":"closed","template":"","meta":{"footnotes":""},"class_list":["post-17064","page","type-page","status-publish","hentry"],"_links":{"self":[{"href":"https:\/\/ijllc.eu\/index.php?rest_route=\/wp\/v2\/pages\/17064","targetHints":{"allow":["GET"]}}],"collection":[{"href":"https:\/\/ijllc.eu\/index.php?rest_route=\/wp\/v2\/pages"}],"about":[{"href":"https:\/\/ijllc.eu\/index.php?rest_route=\/wp\/v2\/types\/page"}],"author":[{"embeddable":true,"href":"https:\/\/ijllc.eu\/index.php?rest_route=\/wp\/v2\/users\/5"}],"replies":[{"embeddable":true,"href":"https:\/\/ijllc.eu\/index.php?rest_route=%2Fwp%2Fv2%2Fcomments&post=17064"}],"version-history":[{"count":5,"href":"https:\/\/ijllc.eu\/index.php?rest_route=\/wp\/v2\/pages\/17064\/revisions"}],"predecessor-version":[{"id":17548,"href":"https:\/\/ijllc.eu\/index.php?rest_route=\/wp\/v2\/pages\/17064\/revisions\/17548"}],"wp:attachment":[{"href":"https:\/\/ijllc.eu\/index.php?rest_route=%2Fwp%2Fv2%2Fmedia&parent=17064"}],"curies":[{"name":"wp","href":"https:\/\/api.w.org\/{rel}","templated":true}]}}